{"id":25,"date":"2020-01-01T19:53:24","date_gmt":"2020-01-01T19:53:24","guid":{"rendered":"https:\/\/forsev.es\/?page_id=25"},"modified":"2020-07-05T18:19:06","modified_gmt":"2020-07-05T18:19:06","slug":"que-es-forsev","status":"publish","type":"page","link":"https:\/\/forsev.es\/?page_id=25","title":{"rendered":"\u00bfQUE ES FORSEV?"},"content":{"rendered":"\t\t<div data-elementor-type=\"wp-page\" data-elementor-id=\"25\" class=\"elementor elementor-25\">\n\t\t\t\t\t\t<section class=\"elementor-section elementor-top-section elementor-element elementor-element-1a51287b elementor-section-boxed elementor-section-height-default elementor-section-height-default\" data-id=\"1a51287b\" data-element_type=\"section\">\n\t\t\t\t\t\t<div class=\"elementor-container elementor-column-gap-default\">\n\t\t\t\t\t<div class=\"elementor-column elementor-col-100 elementor-top-column elementor-element elementor-element-603e9db2\" data-id=\"603e9db2\" data-element_type=\"column\">\n\t\t\t<div class=\"elementor-widget-wrap elementor-element-populated\">\n\t\t\t\t\t\t<div class=\"elementor-element elementor-element-4d863b9c elementor-widget elementor-widget-text-editor\" data-id=\"4d863b9c\" data-element_type=\"widget\" data-widget_type=\"text-editor.default\">\n\t\t\t\t<div class=\"elementor-widget-container\">\n\t\t\t\t\t\t\t\t\t<p><\/p>\n<p class=\"has-text-color has-normal-font-size has-very-dark-gray-color\">\u00a0 \u00a0<strong>FORSEV<\/strong> es una p\u00e1gina de divulgaci\u00f3n sobre seguridad vial y especialmente referida al factor m\u00e1s importante de la misma: el factor humano.<\/p>\n<p><\/p>\n<p><\/p>\n<p class=\"has-normal-font-size\">\u00a0 \u00a0FORSEV es el acr\u00f3nimo de <strong>Formaci\u00f3n para la Seguridad Vial<\/strong> porque sin la formaci\u00f3n y educaci\u00f3n adecuada en todos los \u00e1mbitos nunca podr\u00e1 existir la verdadera seguridad vial.<\/p>\n<p><\/p>\n<p><\/p>\n<p class=\"has-normal-font-size\">\u00a0 \u00a0El fin de \u00e9sta pagina es divulgar noticias de seguridad vial, de formaci\u00f3n vial y los encargados de impartirla de una manera eficaz y de educaci\u00f3n vial para incorporar desde joven la idea de que circular por una v\u00eda no es ni mas ni menos que una forma de compartir un espacio y la \u00fanica forma es comprender las normas que regulan esa convivencia.<\/p>\n<p><\/p>\n<p><\/p>\n<p class=\"has-normal-font-size\">\u00a0 \u00a0Los avances tecnol\u00f3gicos logrados en los veh\u00edculos actuales consiguen que los muertos en accidentes de circulaci\u00f3n sean cada vez menos pero no as\u00ed con los accidentes que est\u00e1n en aumento y diversific\u00e1ndose cada vez m\u00e1s por el aumento de unidades de tr\u00e1fico implicadas como los Veh\u00edculos de Movilidad Personal.<\/p>\n<p><\/p>\n<p><\/p>\n<p class=\"has-normal-font-size\">\u00a0 \u00a0Pero incluso esos avances tecnol\u00f3gicos necesitan irremediable y necesariamente del factor humano; en su conocimiento, uso y mantenimiento por parte de la persona que lo maneja, cuida, mantiene y que finalmente ser\u00e1 responsable del accidente. Porque no dudemos que ser\u00e1 as\u00ed. Nadie culpar\u00e1 al programador, nadie condenar\u00e1 al constructor y ninguna empresa ira a la c\u00e1rcel por matar a otras personas en un accidente; lo har\u00e1 el conductor que siempre sera el ultimo responsable. Y habr\u00e1 un conductor, porque las administraciones nunca dejaran que una gran empresa caiga y aunque autoricen la conducci\u00f3n aut\u00f3noma exigir\u00e1n que exista un conductor, aunque no use los mandos, para responsabilizarle.<\/p>\n<p><\/p>\n<p><\/p>\n<div class=\"wp-block-image\">\n<figure class=\"alignright size-large is-resized\"><img fetchpriority=\"high\" decoding=\"async\" class=\"wp-image-141\" src=\"https:\/\/forsev.es\/wp-content\/uploads\/2020\/01\/accidente-tesla.jpg\" alt=\"\" width=\"452\" height=\"249\" srcset=\"https:\/\/forsev.es\/wp-content\/uploads\/2020\/01\/accidente-tesla.jpg 980w, https:\/\/forsev.es\/wp-content\/uploads\/2020\/01\/accidente-tesla-300x166.jpg 300w, https:\/\/forsev.es\/wp-content\/uploads\/2020\/01\/accidente-tesla-768x425.jpg 768w\" sizes=\"(max-width: 452px) 100vw, 452px\" \/>\n<p>\u00a0<\/p>\n<figcaption>fuente: elpais.com<\/figcaption>\n<\/figure>\n<\/div>\n<p><\/p>\n<p><\/p>\n<p class=\"has-normal-font-size\">\u00a0 \u00a0Apostar por \u00abeliminar el factor humano\u00bb y descargar todo en la tecnolog\u00eda es un error que solo nos llevar\u00e1 a tener mas accidentes. Y eso ya esta pasando.<\/p>\n<p><\/p>\n<p><\/p>\n<p class=\"has-normal-font-size\">\u00a0 \u00a0No es una p\u00e1gina enfocada a obtener el permiso de conducci\u00f3n. <strong>No es una pagina que se dedicar\u00e1 a decir los trucos, tanto te\u00f3ricos como pr\u00e1cticos, para conseguir aprobar el carn\u00e9<\/strong>. Evidentemente denunciaremos y haremos visible la mala praxis de los actuales m\u00e9todos para obtener el permiso que no son formaci\u00f3n sino simple memorizaci\u00f3n de contenidos sin sensibilizaci\u00f3n ni comprensi\u00f3n, fomentados y amparados por la propia Administraci\u00f3n p\u00fablica. <strong>Para el simple objetivo de aprobar sin importar la formaci\u00f3n y la comprensi\u00f3n de las normas para sensibilizar a las personas, existen otras paginas. Si ven\u00eds a eso, os invito a que salg\u00e1is con el mejor de mis saludos<\/strong><\/p>\n<p><\/p>\n<p><\/p>\n<p class=\"has-normal-font-size\">\u00a0 \u00a0Otro de los objetivos de \u00e9sta pagina es visibilizar la labor de los Profesores de Formaci\u00f3n Vial. Personas que ponen todo su empe\u00f1o, conocimiento y profesionalidad al servicio de la ense\u00f1anza y que llevan mucho tiempo siendo desde\u00f1ados por la negativa de la Administraci\u00f3n a destacar su imprescindible aporte a la seguridad vial. Y no hablo de las autoescuelas, hablo de los Profesores de Formaci\u00f3n Vial.<\/p>\n<p><\/p>\n<p><\/p>\n<p class=\"has-normal-font-size\">\u00a0 \u00a0Intentaremos aclarar a todo el que quiera las razones de la existencia de unas normas y lo imprescindible que resulta cumplirlas, poniendo siempre los Reglamentos, Leyes y documentos oficiales de por medio. Y espero que los sanos debates y comentarios nos lleven a todos a aumentar nuestros conocimientos y poder circular con mayor seguridad.<\/p>\n<p><\/p>\n<p><\/p>\n<div class=\"wp-block-image is-style-circle-mask\">\n<figure class=\"alignright size-large is-resized\"><img decoding=\"async\" class=\"wp-image-139\" src=\"https:\/\/forsev.es\/wp-content\/uploads\/2020\/01\/yo-3-1.jpg\" alt=\"\" width=\"266\" height=\"290\" srcset=\"https:\/\/forsev.es\/wp-content\/uploads\/2020\/01\/yo-3-1.jpg 300w, https:\/\/forsev.es\/wp-content\/uploads\/2020\/01\/yo-3-1-275x300.jpg 275w\" sizes=\"(max-width: 266px) 100vw, 266px\" \/><\/figure>\n<\/div>\n<p><\/p>\n<p><\/p>\n<p class=\"has-normal-font-size\">\u00a0 \u00a0Y el responsable de todo esto, sobre todo de lo malo, soy yo. Mi nombre es Antonio Macedo Mora, Profesor de Formaci\u00f3n Vial desde hace mas de 30 a\u00f1os, Director de Centros de Formaci\u00f3n de conductores, Profesor de Profesores de Formaci\u00f3n vial durante cerca de 10 a\u00f1os en los cursos establecidos por la DGT en las asignaturas de Normas y Se\u00f1ales principalmente, Seguridad Vial y como Instructor de la parte pr\u00e1ctica de dichos cursos y en activo como profesor de practico y de te\u00f3rico de alumnos para la obtenci\u00f3n de los distintos permisos.<\/p>\n<p><\/p>\n<p><\/p>\n<p class=\"has-normal-font-size\">\u00a0 \u00a0Intentar\u00e9 estar a la altura de las circunstancias y aportar en la medida de lo posible mi granito de arena para la ansiada Seguridad Vial.<\/p>\n<p><\/p>\n<p><\/p>\n<p class=\"has-normal-font-size\">\u00a0 \u00a0Decir que \u00e9ste es un proyecto de divulgaci\u00f3n que empece hace tiempo, ha estado parado por diversas razones y que vuelvo a retomar con todav\u00eda m\u00e1s ilusi\u00f3n. Proyecto que hago en mis ratos libres y que de antemano pido disculpas por tardar en reaccionar ya que solo puedo dedicarme a ratos.<\/p>\n<p><\/p>\n<p><\/p>\n<p class=\"has-normal-font-size\"><strong>Un saludo a todos y &#8230; \u00a1\u00a1BIENVENIDOS!!<\/strong><\/p>\n<p><\/p>\n<p><\/p>\n<p class=\"has-normal-font-size\">PD: Me encantan las motocicletas y por ello hay un apartado espec\u00edfico para los moteros. R\u00e1fagas a todos ellos.<\/p>\n<p><\/p>\n<p><\/p>\n<p><\/p>\t\t\t\t\t\t\t\t<\/div>\n\t\t\t\t<\/div>\n\t\t\t\t\t<\/div>\n\t\t<\/div>\n\t\t\t\t\t<\/div>\n\t\t<\/section>\n\t\t\t\t<\/div>\n\t\t","protected":false},"excerpt":{"rendered":"<p>\u00a0 \u00a0FORSEV es una p\u00e1gina de divulgaci\u00f3n sobre seguridad vial y especialmente referida al factor m\u00e1s importante de la misma: el factor humano. \u00a0 \u00a0FORSEV es el acr\u00f3nimo de Formaci\u00f3n para la Seguridad Vial porque sin la formaci\u00f3n y educaci\u00f3n adecuada en todos los \u00e1mbitos nunca podr\u00e1 existir la verdadera seguridad vial. \u00a0 \u00a0El fin [&hellip;]<\/p>\n","protected":false},"author":1,"featured_media":0,"parent":0,"menu_order":0,"comment_status":"open","ping_status":"closed","template":"","meta":{"ocean_post_layout":"","ocean_both_sidebars_style":"","ocean_both_sidebars_content_width":0,"ocean_both_sidebars_sidebars_width":0,"ocean_sidebar":"0","ocean_second_sidebar":"0","ocean_disable_margins":"enable","ocean_add_body_class":"","ocean_shortcode_before_top_bar":"","ocean_shortcode_after_top_bar":"","ocean_shortcode_before_header":"","ocean_shortcode_after_header":"","ocean_has_shortcode":"","ocean_shortcode_after_title":"","ocean_shortcode_before_footer_widgets":"","ocean_shortcode_after_footer_widgets":"","ocean_shortcode_before_footer_bottom":"","ocean_shortcode_after_footer_bottom":"","ocean_display_top_bar":"default","ocean_display_header":"default","ocean_header_style":"","ocean_center_header_left_menu":"0","ocean_custom_header_template":"0","ocean_custom_logo":0,"ocean_custom_retina_logo":0,"ocean_custom_logo_max_width":0,"ocean_custom_logo_tablet_max_width":0,"ocean_custom_logo_mobile_max_width":0,"ocean_custom_logo_max_height":0,"ocean_custom_logo_tablet_max_height":0,"ocean_custom_logo_mobile_max_height":0,"ocean_header_custom_menu":"0","ocean_menu_typo_font_family":"0","ocean_menu_typo_font_subset":"","ocean_menu_typo_font_size":0,"ocean_menu_typo_font_size_tablet":0,"ocean_menu_typo_font_size_mobile":0,"ocean_menu_typo_font_size_unit":"px","ocean_menu_typo_font_weight":"","ocean_menu_typo_font_weight_tablet":"","ocean_menu_typo_font_weight_mobile":"","ocean_menu_typo_transform":"","ocean_menu_typo_transform_tablet":"","ocean_menu_typo_transform_mobile":"","ocean_menu_typo_line_height":0,"ocean_menu_typo_line_height_tablet":0,"ocean_menu_typo_line_height_mobile":0,"ocean_menu_typo_line_height_unit":"","ocean_menu_typo_spacing":0,"ocean_menu_typo_spacing_tablet":0,"ocean_menu_typo_spacing_mobile":0,"ocean_menu_typo_spacing_unit":"","ocean_menu_link_color":"","ocean_menu_link_color_hover":"","ocean_menu_link_color_active":"","ocean_menu_link_background":"","ocean_menu_link_hover_background":"","ocean_menu_link_active_background":"","ocean_menu_social_links_bg":"","ocean_menu_social_hover_links_bg":"","ocean_menu_social_links_color":"","ocean_menu_social_hover_links_color":"","ocean_disable_title":"default","ocean_disable_heading":"default","ocean_post_title":"","ocean_post_subheading":"","ocean_post_title_style":"","ocean_post_title_background_color":"","ocean_post_title_background":0,"ocean_post_title_bg_image_position":"","ocean_post_title_bg_image_attachment":"","ocean_post_title_bg_image_repeat":"","ocean_post_title_bg_image_size":"","ocean_post_title_height":0,"ocean_post_title_bg_overlay":0.5,"ocean_post_title_bg_overlay_color":"","ocean_disable_breadcrumbs":"default","ocean_breadcrumbs_color":"","ocean_breadcrumbs_separator_color":"","ocean_breadcrumbs_links_color":"","ocean_breadcrumbs_links_hover_color":"","ocean_display_footer_widgets":"default","ocean_display_footer_bottom":"default","ocean_custom_footer_template":"0","footnotes":""},"class_list":["post-25","page","type-page","status-publish","hentry","entry"],"jetpack_likes_enabled":true,"jetpack_sharing_enabled":true,"_links":{"self":[{"href":"https:\/\/forsev.es\/index.php?rest_route=\/wp\/v2\/pages\/25","targetHints":{"allow":["GET"]}}],"collection":[{"href":"https:\/\/forsev.es\/index.php?rest_route=\/wp\/v2\/pages"}],"about":[{"href":"https:\/\/forsev.es\/index.php?rest_route=\/wp\/v2\/types\/page"}],"author":[{"embeddable":true,"href":"https:\/\/forsev.es\/index.php?rest_route=\/wp\/v2\/users\/1"}],"replies":[{"embeddable":true,"href":"https:\/\/forsev.es\/index.php?rest_route=%2Fwp%2Fv2%2Fcomments&post=25"}],"version-history":[{"count":22,"href":"https:\/\/forsev.es\/index.php?rest_route=\/wp\/v2\/pages\/25\/revisions"}],"predecessor-version":[{"id":497,"href":"https:\/\/forsev.es\/index.php?rest_route=\/wp\/v2\/pages\/25\/revisions\/497"}],"wp:attachment":[{"href":"https:\/\/forsev.es\/index.php?rest_route=%2Fwp%2Fv2%2Fmedia&parent=25"}],"curies":[{"name":"wp","href":"https:\/\/api.w.org\/{rel}","templated":true}]}}