{"id":113,"date":"2020-01-04T13:30:31","date_gmt":"2020-01-04T13:30:31","guid":{"rendered":"https:\/\/forsev.es\/?page_id=113"},"modified":"2020-07-19T20:56:37","modified_gmt":"2020-07-19T20:56:37","slug":"profesores-de-formacion-vial","status":"publish","type":"page","link":"https:\/\/forsev.es\/?page_id=113","title":{"rendered":"Profesores de Formaci\u00f3n vial"},"content":{"rendered":"\t\t<div data-elementor-type=\"wp-page\" data-elementor-id=\"113\" class=\"elementor elementor-113\">\n\t\t\t\t\t\t<section class=\"elementor-section elementor-top-section elementor-element elementor-element-ba8ce47 elementor-section-boxed elementor-section-height-default elementor-section-height-default\" data-id=\"ba8ce47\" data-element_type=\"section\">\n\t\t\t\t\t\t<div class=\"elementor-container elementor-column-gap-default\">\n\t\t\t\t\t<div class=\"elementor-column elementor-col-100 elementor-top-column elementor-element elementor-element-4f9d357\" data-id=\"4f9d357\" data-element_type=\"column\">\n\t\t\t<div class=\"elementor-widget-wrap elementor-element-populated\">\n\t\t\t\t\t\t<div class=\"elementor-element elementor-element-02870fe elementor-invisible elementor-widget elementor-widget-heading\" data-id=\"02870fe\" data-element_type=\"widget\" data-settings=\"{&quot;_animation&quot;:&quot;fadeInUp&quot;}\" data-widget_type=\"heading.default\">\n\t\t\t\t<div class=\"elementor-widget-container\">\n\t\t\t\t\t<h1 class=\"elementor-heading-title elementor-size-large\">Certificado de Aptitud de <br>Profesor de Formaci\u00f3n Vial<\/h1>\t\t\t\t<\/div>\n\t\t\t\t<\/div>\n\t\t\t\t\t<\/div>\n\t\t<\/div>\n\t\t\t\t\t<\/div>\n\t\t<\/section>\n\t\t\t\t<section class=\"elementor-section elementor-top-section elementor-element elementor-element-bdd79cb elementor-section-boxed elementor-section-height-default elementor-section-height-default\" data-id=\"bdd79cb\" data-element_type=\"section\">\n\t\t\t\t\t\t<div class=\"elementor-container elementor-column-gap-default\">\n\t\t\t\t\t<div class=\"elementor-column elementor-col-100 elementor-top-column elementor-element elementor-element-1102ada\" data-id=\"1102ada\" data-element_type=\"column\">\n\t\t\t<div class=\"elementor-widget-wrap elementor-element-populated\">\n\t\t\t\t\t\t<div class=\"elementor-element elementor-element-a0593e1 elementor-widget elementor-widget-image\" data-id=\"a0593e1\" data-element_type=\"widget\" data-widget_type=\"image.default\">\n\t\t\t\t<div class=\"elementor-widget-container\">\n\t\t\t\t\t\t\t\t\t\t\t\t\t\t\t<img fetchpriority=\"high\" decoding=\"async\" width=\"1024\" height=\"736\" src=\"https:\/\/forsev.es\/wp-content\/uploads\/2020\/07\/titulo-profesor-sin-dni-1024x736.jpg\" class=\"attachment-large size-large wp-image-533\" alt=\"\" srcset=\"https:\/\/forsev.es\/wp-content\/uploads\/2020\/07\/titulo-profesor-sin-dni-1024x736.jpg 1024w, https:\/\/forsev.es\/wp-content\/uploads\/2020\/07\/titulo-profesor-sin-dni-300x216.jpg 300w, https:\/\/forsev.es\/wp-content\/uploads\/2020\/07\/titulo-profesor-sin-dni-768x552.jpg 768w, https:\/\/forsev.es\/wp-content\/uploads\/2020\/07\/titulo-profesor-sin-dni-1536x1104.jpg 1536w, https:\/\/forsev.es\/wp-content\/uploads\/2020\/07\/titulo-profesor-sin-dni-2048x1472.jpg 2048w\" sizes=\"(max-width: 1024px) 100vw, 1024px\" \/>\t\t\t\t\t\t\t\t\t\t\t\t\t\t\t<\/div>\n\t\t\t\t<\/div>\n\t\t\t\t\t<\/div>\n\t\t<\/div>\n\t\t\t\t\t<\/div>\n\t\t<\/section>\n\t\t\t\t<section class=\"elementor-section elementor-top-section elementor-element elementor-element-a245fd7 elementor-section-boxed elementor-section-height-default elementor-section-height-default\" data-id=\"a245fd7\" data-element_type=\"section\">\n\t\t\t\t\t\t<div class=\"elementor-container elementor-column-gap-default\">\n\t\t\t\t\t<div class=\"elementor-column elementor-col-100 elementor-top-column elementor-element elementor-element-0559735\" data-id=\"0559735\" data-element_type=\"column\">\n\t\t\t<div class=\"elementor-widget-wrap elementor-element-populated\">\n\t\t\t\t\t\t<div class=\"elementor-element elementor-element-d6c53ee elementor-widget elementor-widget-text-editor\" data-id=\"d6c53ee\" data-element_type=\"widget\" data-widget_type=\"text-editor.default\">\n\t\t\t\t<div class=\"elementor-widget-container\">\n\t\t\t\t\t\t\t\t\t<p class=\"MsoNormal\">Este es el documento que precisa una persona para dedicarse a la formaci\u00f3n de nuevos conductores de veh\u00edculos de motor y ciclomotores<\/p><p class=\"MsoNormal\">Lo expide y concede la Direcci\u00f3n General de Tr\u00e1fico en la mayor\u00eda de las provincias y comunidades aut\u00f3nomas a excepci\u00f3n del Pa\u00eds Vasco y Catalu\u00f1a en el que est\u00e1n derivadas las competencias en materia de Tr\u00e1fico. <strong>En dichos lugares tambi\u00e9n la DGT convoca cursos para profesores<\/strong>, pero a su vez tambi\u00e9n lo pueden convocar el Servei Catal\u00e1 de Tr\u00e1nsit en Catalu\u00f1a y el departamento de Tr\u00e1fico del Gobierno de Euskadi.<\/p><p class=\"MsoNormal\">En ambos casos la Certificaci\u00f3n recibida es v\u00e1lida en todo el territorio nacional, al igual que la emitida por la DGT.<\/p><p>La obtenci\u00f3n del Certificado esta regulada en el Real Decreto 1295\/2003, de 17 de octubre, por el que se aprueba el Reglamento regulador de las escuelas particulares de conductores, que voy a intentar explicar y resumir.<\/p><p>B\u00e1sicamente se divide en tres partes: Fase Previa, Fase a Distancia y Fase presencial y aproximadamente se tarda en obtener unos dos a\u00f1os de estudio. Pero lo primero es lo primero.<\/p>\t\t\t\t\t\t\t\t<\/div>\n\t\t\t\t<\/div>\n\t\t\t\t\t<\/div>\n\t\t<\/div>\n\t\t\t\t\t<\/div>\n\t\t<\/section>\n\t\t\t\t<section class=\"elementor-section elementor-top-section elementor-element elementor-element-219e794 elementor-section-boxed elementor-section-height-default elementor-section-height-default\" data-id=\"219e794\" data-element_type=\"section\">\n\t\t\t\t\t\t<div class=\"elementor-container elementor-column-gap-default\">\n\t\t\t\t\t<div class=\"elementor-column elementor-col-100 elementor-top-column elementor-element elementor-element-febdd0b\" data-id=\"febdd0b\" data-element_type=\"column\">\n\t\t\t<div class=\"elementor-widget-wrap elementor-element-populated\">\n\t\t\t\t\t\t<div class=\"elementor-element elementor-element-ba6692c elementor-view-default elementor-widget elementor-widget-icon\" data-id=\"ba6692c\" data-element_type=\"widget\" data-widget_type=\"icon.default\">\n\t\t\t\t<div class=\"elementor-widget-container\">\n\t\t\t\t\t\t\t<div class=\"elementor-icon-wrapper\">\n\t\t\t<div class=\"elementor-icon\">\n\t\t\t<i aria-hidden=\"true\" class=\"fas fa-star\"><\/i>\t\t\t<\/div>\n\t\t<\/div>\n\t\t\t\t\t\t<\/div>\n\t\t\t\t<\/div>\n\t\t\t\t\t<\/div>\n\t\t<\/div>\n\t\t\t\t\t<\/div>\n\t\t<\/section>\n\t\t\t\t<\/div>\n\t\t","protected":false},"excerpt":{"rendered":"<p>Certificado de Aptitud de Profesor de Formaci\u00f3n Vial Este es el documento que precisa una persona para dedicarse a la formaci\u00f3n de nuevos conductores de veh\u00edculos de motor y ciclomotores Lo expide y concede la Direcci\u00f3n General de Tr\u00e1fico en la mayor\u00eda de las provincias y comunidades aut\u00f3nomas a excepci\u00f3n del Pa\u00eds Vasco y Catalu\u00f1a [&hellip;]<\/p>\n","protected":false},"author":1,"featured_media":0,"parent":0,"menu_order":0,"comment_status":"closed","ping_status":"closed","template":"","meta":{"ocean_post_layout":"","ocean_both_sidebars_style":"","ocean_both_sidebars_content_width":0,"ocean_both_sidebars_sidebars_width":0,"ocean_sidebar":"0","ocean_second_sidebar":"0","ocean_disable_margins":"enable","ocean_add_body_class":"","ocean_shortcode_before_top_bar":"","ocean_shortcode_after_top_bar":"","ocean_shortcode_before_header":"","ocean_shortcode_after_header":"","ocean_has_shortcode":"","ocean_shortcode_after_title":"","ocean_shortcode_before_footer_widgets":"","ocean_shortcode_after_footer_widgets":"","ocean_shortcode_before_footer_bottom":"","ocean_shortcode_after_footer_bottom":"","ocean_display_top_bar":"default","ocean_display_header":"default","ocean_header_style":"","ocean_center_header_left_menu":"0","ocean_custom_header_template":"0","ocean_custom_logo":0,"ocean_custom_retina_logo":0,"ocean_custom_logo_max_width":0,"ocean_custom_logo_tablet_max_width":0,"ocean_custom_logo_mobile_max_width":0,"ocean_custom_logo_max_height":0,"ocean_custom_logo_tablet_max_height":0,"ocean_custom_logo_mobile_max_height":0,"ocean_header_custom_menu":"0","ocean_menu_typo_font_family":"0","ocean_menu_typo_font_subset":"","ocean_menu_typo_font_size":0,"ocean_menu_typo_font_size_tablet":0,"ocean_menu_typo_font_size_mobile":0,"ocean_menu_typo_font_size_unit":"px","ocean_menu_typo_font_weight":"","ocean_menu_typo_font_weight_tablet":"","ocean_menu_typo_font_weight_mobile":"","ocean_menu_typo_transform":"","ocean_menu_typo_transform_tablet":"","ocean_menu_typo_transform_mobile":"","ocean_menu_typo_line_height":0,"ocean_menu_typo_line_height_tablet":0,"ocean_menu_typo_line_height_mobile":0,"ocean_menu_typo_line_height_unit":"","ocean_menu_typo_spacing":0,"ocean_menu_typo_spacing_tablet":0,"ocean_menu_typo_spacing_mobile":0,"ocean_menu_typo_spacing_unit":"","ocean_menu_link_color":"","ocean_menu_link_color_hover":"","ocean_menu_link_color_active":"","ocean_menu_link_background":"","ocean_menu_link_hover_background":"","ocean_menu_link_active_background":"","ocean_menu_social_links_bg":"","ocean_menu_social_hover_links_bg":"","ocean_menu_social_links_color":"","ocean_menu_social_hover_links_color":"","ocean_disable_title":"default","ocean_disable_heading":"default","ocean_post_title":"","ocean_post_subheading":"","ocean_post_title_style":"","ocean_post_title_background_color":"","ocean_post_title_background":0,"ocean_post_title_bg_image_position":"","ocean_post_title_bg_image_attachment":"","ocean_post_title_bg_image_repeat":"","ocean_post_title_bg_image_size":"","ocean_post_title_height":0,"ocean_post_title_bg_overlay":0.5,"ocean_post_title_bg_overlay_color":"","ocean_disable_breadcrumbs":"default","ocean_breadcrumbs_color":"","ocean_breadcrumbs_separator_color":"","ocean_breadcrumbs_links_color":"","ocean_breadcrumbs_links_hover_color":"","ocean_display_footer_widgets":"default","ocean_display_footer_bottom":"default","ocean_custom_footer_template":"0","footnotes":""},"class_list":["post-113","page","type-page","status-publish","hentry","entry"],"jetpack_likes_enabled":true,"jetpack_sharing_enabled":true,"_links":{"self":[{"href":"https:\/\/forsev.es\/index.php?rest_route=\/wp\/v2\/pages\/113","targetHints":{"allow":["GET"]}}],"collection":[{"href":"https:\/\/forsev.es\/index.php?rest_route=\/wp\/v2\/pages"}],"about":[{"href":"https:\/\/forsev.es\/index.php?rest_route=\/wp\/v2\/types\/page"}],"author":[{"embeddable":true,"href":"https:\/\/forsev.es\/index.php?rest_route=\/wp\/v2\/users\/1"}],"replies":[{"embeddable":true,"href":"https:\/\/forsev.es\/index.php?rest_route=%2Fwp%2Fv2%2Fcomments&post=113"}],"version-history":[{"count":7,"href":"https:\/\/forsev.es\/index.php?rest_route=\/wp\/v2\/pages\/113\/revisions"}],"predecessor-version":[{"id":537,"href":"https:\/\/forsev.es\/index.php?rest_route=\/wp\/v2\/pages\/113\/revisions\/537"}],"wp:attachment":[{"href":"https:\/\/forsev.es\/index.php?rest_route=%2Fwp%2Fv2%2Fmedia&parent=113"}],"curies":[{"name":"wp","href":"https:\/\/api.w.org\/{rel}","templated":true}]}}